{"id":1018,"date":"2020-06-22T10:13:33","date_gmt":"2020-06-22T08:13:33","guid":{"rendered":"https:\/\/appartementenhoteldeventer.nl\/in-en-uitchecken-hostel-deventer\/"},"modified":"2024-06-15T12:28:29","modified_gmt":"2024-06-15T10:28:29","slug":"in-en-uitchecken-hostel-deventer","status":"publish","type":"page","link":"https:\/\/appartementenhoteldeventer.nl\/de\/in-en-uitchecken-hostel-deventer\/","title":{"rendered":"Einchecken und Auschecken"},"content":{"rendered":"<p><div id=\"thz-section-holder-sfc3a8ece\" class=\"thz-section-holder section-notcontained none\" data-view-brightness=\"none\">\r\n\t<section class=\"thz-section\">\r\n\t\t<div class=\"thz-section-in\">\r\n\t\t\t\t\t<div class=\"thz-container content-contained thz-site-width\">\r\n\t\t\t\t\t\t\t<\/div>\r\n\t\t\t\t<\/div>\r\n\t\t<div class=\"thz-bglayer-container\"><div id=\"thz-bglayer-1dce792f\" class=\"thz-basic-bglayer\"><\/div><\/div>\t\t<\/section>\r\n<\/div>\r\n<div id=\"thz-section-holder-s6c66b36d\" class=\"thz-section-holder section-notcontained none\" data-view-brightness=\"none\">\r\n\t<section class=\"thz-section\">\r\n\t\t<div class=\"thz-section-in\">\r\n\t\t\t\t\t<div class=\"thz-container content-contained thz-site-width\">\r\n\t\t\t\t<div class=\"thz-row\">\r\n\t<div id=\"thz-column-c5ce9a455\" class=\"thz-column thz-col-2-3 fstart\">\r\n\t<div class=\"thz-column-container\">\r\n        <div class=\"thz-column-in\">\r\n                        <div class=\"thz-column-shortcodes\">\t\r\n                <div id=\"thz-sh-1244e510\" class=\"thz-shc thz-heading thz-sh-1244e510 thz-sh-plain thz-sh-pos-both\">\r\n\t<div class=\"thz-heading-holder\">\r\n\t\t\t\t\t\t\t<\/div>\r\n<\/div><div id=\"thz-sh-183430c3\" class=\"thz-shc thz-heading thz-sh-183430c3 thz-sh-plain thz-sh-pos-both\">\r\n\t<div class=\"thz-heading-holder\">\r\n\t\t\t\t<h3 class=\"thz-heading-title\">Ein- und Auschecken ist bei uns ganz einfach:<\/h3>\t\t\t<\/div>\r\n<\/div><div id=\"thz-text-block-0960e049\" class=\"thz-shc thz-text-block\"><ul><li>Sie nehmen Ihre Reservierung \u00fcber eine Buchungsseite vor. Unsere eigene Website ist die g\u00fcnstigste, also buchen Sie Ihr Zimmer hier.<\/li><li>Bei der Reservierung bezahlen Sie das Zimmer im Voraus mit Sofort, Paypal oder Kreditkarte.<\/li><li>Sie erhalten eine Email mit der Best\u00e4tigung Ihrer Reservierung.<\/li><li>Nach \u00dcberpr\u00fcfung Ihrer Angaben zu Zahlung, Name, Adresse und Wohnort, erhalten Sie am Tag vor dem Check-in die Zimmernummer und den Code f\u00fcr die Haust\u00fcr und die Zimmert\u00fcr.<\/li><li>Wenn die Angaben falsch oder unvollst\u00e4ndig sind, erhalten Sie keinen Zugangscode und k\u00f6nnen Sie nicht einchecken.<\/li><li>Sie erhalten einen Zugangscode per Email, mit dem Sie die Eingangst\u00fcr und Ihre Zimmert\u00fcr \u00f6ffnen k\u00f6nnen.<\/li><li>Diesen Code geben Sie am Schlo\u00df der Eingangst\u00fcr und am Schlo\u00df Ihrer Zimmert\u00fcr ein. Vergessen Sie nach der Eingabe des Codes nicht das Hash (Zaun) Zeichen einzugeben.<\/li><li>Von 15:00 bis 22:00 Uhr k\u00f6nnen Sie einchecken.<\/li><li>Die T\u00fcre sind automatisch abgeschlossen, wenn Sie die zumachen.<\/li><li>Das Auschecken ist bis sp\u00e4testens 11:00 Uhr m\u00f6glich.<\/li><li>Beim Auschecken m\u00fcssen Sie nur Ihre eigenen Sachen mitnehmen und die T\u00fcr hinter sich schlie\u00dfen.<\/li><li>Die \u00f6ffentlichen Bereiche werden mit Kameras kontrolliert. Die Bilder werden nach 1 Woche automatisch gel\u00f6scht.<\/li><\/ul><p>&nbsp;<\/p><p>&nbsp;<\/p><\/div><div class=\"thz-btn-container thz-custom-btn-72a53446 ctm-btn none thz-mt-24 thz-btn-flat\"><a class=\"thz-button thz-btn-trans thz-btn-medium thz-radius-3 thz-align-center\" href=\"\/contact\/\"><span class=\"thz-btn-text thz-fs-14 thz-fw-400\">Kontaktieren Sie uns<\/span><\/a><\/div>            <\/div>\r\n                                            <\/div>\r\n    <\/div>\r\n<\/div><div id=\"thz-column-ce8156348\" class=\"thz-column thz-col-1-3 fstart\">\r\n\t<div class=\"thz-column-container\">\r\n        <div class=\"thz-column-in\">\r\n                        <div class=\"thz-column-shortcodes\">\t\r\n                \n<div class=\"thz-page-block-holder thz-page-builder-content thz-page-block-sidebar-position\"><div id=\"thz-sh-ca82ca34\" class=\"thz-shc thz-heading thz-sh-ca82ca34 thz-sh-plain thz-sh-pos-both\">\r\n\t<div class=\"thz-heading-holder\">\r\n\t\t\t\t<h2 class=\"thz-heading-title\">Kontakt<\/h2>\t\t\t<\/div>\r\n<\/div><div id=\"thz-text-block-582285c0\" class=\"thz-shc thz-text-block\"><p><iframe src=\"https:\/\/www.google.com\/maps\/embed?pb=!1m18!1m12!1m3!1d2442.52405223479!2d6.151357115797509!3d52.2520280797643!2m3!1f0!2f0!3f0!3m2!1i1024!2i768!4f13.1!3m3!1m2!1s0x47c7ea6663c930bd%3A0x208f09126e49232c!2sNieuwe%20Markt%203%2C%207411%20PA%20Deventer!5e0!3m2!1snl!2snl!4v1602832417879!5m2!1snl!2snl\" width=\"600\" height=\"450\" frameborder=\"0\" style=\"border:0;\" allowfullscreen=\"\" aria-hidden=\"false\" tabindex=\"0\"><\/iframe><\/p><\/div><div id=\"thz-text-block-76e7a5bd\" class=\"thz-shc thz-text-block\"><p>Appartementen Hotel Deventer<br \/>Nieuwe Markt 3<br \/>7411 PA Deventer<br \/>die Niederlande<\/p><p>info@appartementenhoteldeventer.nl<br \/><a href=\"tel:0570642144\">+31 (0) 613016363<\/a><\/p><\/div><div class=\"thz-btn-container thz-custom-btn-72a53446 ctm-btn none thz-mt-24 thz-btn-flat\"><a class=\"thz-button thz-btn-trans thz-btn-medium thz-radius-3 thz-align-center\" href=\"https:\/\/appartementenhoteldeventer.nl\/de\/contact\/\"><span class=\"thz-btn-text thz-fs-14 thz-fw-400\">Kontaktieren Sie uns<\/span><\/a><\/div><div class=\"thz-btn-container thz-custom-btn-72a53446 ctm-btn none thz-mt-24 thz-btn-flat\"><a class=\"thz-button thz-btn-trans thz-btn-medium thz-radius-3 thz-align-center\" href=\"https:\/\/appartementenhoteldeventer.nl\/de\/hotel-apartments-deventer\/\"><span class=\"thz-btn-text thz-fs-14 thz-fw-400\">Buchen<\/span><\/a><\/div><\/div>            <\/div>\r\n                                            <\/div>\r\n    <\/div>\r\n<\/div><\/div>\t\t\t<\/div>\r\n\t\t\t\t<\/div>\r\n\t\t\t\t<\/section>\r\n<\/div>\r\n<\/p>\n","protected":false},"excerpt":{"rendered":"<p>Ein- und Auschecken ist bei uns ganz einfach: Sie nehmen Ihre Reservierung \u00fcber eine Buchungsseite vor. Unsere eigene Website ist die g\u00fcnstigste, also buchen Sie Ihr Zimmer hier.Bei der Reservierung bezahlen Sie das Zimmer im Voraus mit Sofort, Paypal oder Kreditkarte.Sie erhalten eine Email mit der Best\u00e4tigung Ihrer Reservierung.Nach \u00dcberpr\u00fcfung Ihrer Angaben zu Zahlung, Name, Adresse und Wohnort, erhalten Sie am Tag vor dem Check-in die Zimmernummer und den Code f\u00fcr die Haust\u00fcr und die Zimmert\u00fcr.Wenn die Angaben falsch oder unvollst\u00e4ndig sind, erhalten Sie keinen Zugangscode und k\u00f6nnen Sie nicht einchecken.Sie erhalten einen Zugangscode per Email, mit dem Sie die Eingangst\u00fcr und Ihre Zimmert\u00fcr \u00f6ffnen k\u00f6nnen.Diesen Code geben Sie am Schlo\u00df der Eingangst\u00fcr und am Schlo\u00df Ihrer Zimmert\u00fcr ein. Vergessen Sie nach der Eingabe des Codes nicht das Hash (Zaun) Zeichen einzugeben.Von 15:00 bis 22:00 Uhr k\u00f6nnen Sie einchecken.Die T\u00fcre sind automatisch abgeschlossen, wenn Sie die zumachen.Das Auschecken ist bis sp\u00e4testens 11:00 Uhr m\u00f6glich.Beim Auschecken m\u00fcssen Sie nur Ihre eigenen Sachen mitnehmen und die T\u00fcr hinter sich schlie\u00dfen.Die \u00f6ffentlichen Bereiche werden mit Kameras kontrolliert. Die Bilder werden nach 1 Woche automatisch gel\u00f6scht.&nbsp;&nbsp;Kontaktieren Sie uns Kontakt Appartementen Hotel DeventerNieuwe Markt 37411 PA Deventerdie Niederlandeinfo@appartementenhoteldeventer.nl+31 (0) 613016363Kontaktieren Sie unsBuchen<\/p>\n","protected":false},"author":1,"featured_media":0,"parent":0,"menu_order":0,"comment_status":"closed","ping_status":"closed","template":"template-parts\/page-builder.php","meta":{"inline_featured_image":false},"tags":[],"yoast_head":"<!-- This site is optimized with the Yoast SEO plugin v19.8 - https:\/\/yoast.com\/wordpress\/plugins\/seo\/ -->\n<title>In- en uitchecken Hostel Deventer. Snel, automatisch en eenvoudig.<\/title>\n<meta name=\"description\" content=\"In- en uitchecken. Je krijgt de code van de deuren \u00e9\u00e9n dag voor het inchecken per email. De procedure is veilig en eenvoudig.\" \/>\n<meta name=\"robots\" content=\"index, follow, max-snippet:-1, max-image-preview:large, max-video-preview:-1\" \/>\n<link rel=\"canonical\" href=\"https:\/\/appartementenhoteldeventer.nl\/de\/in-en-uitchecken-hostel-deventer\/\" \/>\n<meta property=\"og:locale\" content=\"de_DE\" \/>\n<meta property=\"og:type\" content=\"article\" \/>\n<meta property=\"og:title\" content=\"In- en uitchecken Hostel Deventer. Snel, automatisch en eenvoudig.\" \/>\n<meta property=\"og:description\" content=\"In- en uitchecken. Je krijgt de code van de deuren \u00e9\u00e9n dag voor het inchecken per email. De procedure is veilig en eenvoudig.\" \/>\n<meta property=\"og:url\" content=\"https:\/\/appartementenhoteldeventer.nl\/de\/in-en-uitchecken-hostel-deventer\/\" \/>\n<meta property=\"og:site_name\" content=\"Appartementen Hotel Deventer\" \/>\n<meta property=\"article:modified_time\" content=\"2024-06-15T10:28:29+00:00\" \/>\n<meta name=\"twitter:card\" content=\"summary_large_image\" \/>\n<meta name=\"twitter:label1\" content=\"Gesch\u00e4tzte Lesezeit\" \/>\n\t<meta name=\"twitter:data1\" content=\"2\u00a0Minuten\" \/>\n<script type=\"application\/ld+json\" class=\"yoast-schema-graph\">{\"@context\":\"https:\/\/schema.org\",\"@graph\":[{\"@type\":\"WebPage\",\"@id\":\"https:\/\/appartementenhoteldeventer.nl\/de\/in-en-uitchecken-hostel-deventer\/\",\"url\":\"https:\/\/appartementenhoteldeventer.nl\/de\/in-en-uitchecken-hostel-deventer\/\",\"name\":\"In- en uitchecken Hostel Deventer. Snel, automatisch en eenvoudig.\",\"isPartOf\":{\"@id\":\"https:\/\/appartementenhoteldeventer.nl\/#website\"},\"datePublished\":\"2020-06-22T08:13:33+00:00\",\"dateModified\":\"2024-06-15T10:28:29+00:00\",\"description\":\"In- en uitchecken. Je krijgt de code van de deuren \u00e9\u00e9n dag voor het inchecken per email. De procedure is veilig en eenvoudig.\",\"breadcrumb\":{\"@id\":\"https:\/\/appartementenhoteldeventer.nl\/de\/in-en-uitchecken-hostel-deventer\/#breadcrumb\"},\"inLanguage\":\"de\",\"potentialAction\":[{\"@type\":\"ReadAction\",\"target\":[\"https:\/\/appartementenhoteldeventer.nl\/de\/in-en-uitchecken-hostel-deventer\/\"]}]},{\"@type\":\"BreadcrumbList\",\"@id\":\"https:\/\/appartementenhoteldeventer.nl\/de\/in-en-uitchecken-hostel-deventer\/#breadcrumb\",\"itemListElement\":[{\"@type\":\"ListItem\",\"position\":1,\"name\":\"Home\",\"item\":\"https:\/\/appartementenhoteldeventer.nl\/de\/\"},{\"@type\":\"ListItem\",\"position\":2,\"name\":\"Einchecken und Auschecken\"}]},{\"@type\":\"WebSite\",\"@id\":\"https:\/\/appartementenhoteldeventer.nl\/#website\",\"url\":\"https:\/\/appartementenhoteldeventer.nl\/\",\"name\":\"Appartementen Hotel Deventer\",\"description\":\"\",\"potentialAction\":[{\"@type\":\"SearchAction\",\"target\":{\"@type\":\"EntryPoint\",\"urlTemplate\":\"https:\/\/appartementenhoteldeventer.nl\/?s={search_term_string}\"},\"query-input\":\"required name=search_term_string\"}],\"inLanguage\":\"de\"}]}<\/script>\n<!-- \/ Yoast SEO plugin. -->","yoast_head_json":{"title":"In- en uitchecken Hostel Deventer. Snel, automatisch en eenvoudig.","description":"In- en uitchecken. Je krijgt de code van de deuren \u00e9\u00e9n dag voor het inchecken per email. De procedure is veilig en eenvoudig.","robots":{"index":"index","follow":"follow","max-snippet":"max-snippet:-1","max-image-preview":"max-image-preview:large","max-video-preview":"max-video-preview:-1"},"canonical":"https:\/\/appartementenhoteldeventer.nl\/de\/in-en-uitchecken-hostel-deventer\/","og_locale":"de_DE","og_type":"article","og_title":"In- en uitchecken Hostel Deventer. Snel, automatisch en eenvoudig.","og_description":"In- en uitchecken. Je krijgt de code van de deuren \u00e9\u00e9n dag voor het inchecken per email. De procedure is veilig en eenvoudig.","og_url":"https:\/\/appartementenhoteldeventer.nl\/de\/in-en-uitchecken-hostel-deventer\/","og_site_name":"Appartementen Hotel Deventer","article_modified_time":"2024-06-15T10:28:29+00:00","twitter_card":"summary_large_image","twitter_misc":{"Gesch\u00e4tzte Lesezeit":"2\u00a0Minuten"},"schema":{"@context":"https:\/\/schema.org","@graph":[{"@type":"WebPage","@id":"https:\/\/appartementenhoteldeventer.nl\/de\/in-en-uitchecken-hostel-deventer\/","url":"https:\/\/appartementenhoteldeventer.nl\/de\/in-en-uitchecken-hostel-deventer\/","name":"In- en uitchecken Hostel Deventer. Snel, automatisch en eenvoudig.","isPartOf":{"@id":"https:\/\/appartementenhoteldeventer.nl\/#website"},"datePublished":"2020-06-22T08:13:33+00:00","dateModified":"2024-06-15T10:28:29+00:00","description":"In- en uitchecken. Je krijgt de code van de deuren \u00e9\u00e9n dag voor het inchecken per email. De procedure is veilig en eenvoudig.","breadcrumb":{"@id":"https:\/\/appartementenhoteldeventer.nl\/de\/in-en-uitchecken-hostel-deventer\/#breadcrumb"},"inLanguage":"de","potentialAction":[{"@type":"ReadAction","target":["https:\/\/appartementenhoteldeventer.nl\/de\/in-en-uitchecken-hostel-deventer\/"]}]},{"@type":"BreadcrumbList","@id":"https:\/\/appartementenhoteldeventer.nl\/de\/in-en-uitchecken-hostel-deventer\/#breadcrumb","itemListElement":[{"@type":"ListItem","position":1,"name":"Home","item":"https:\/\/appartementenhoteldeventer.nl\/de\/"},{"@type":"ListItem","position":2,"name":"Einchecken und Auschecken"}]},{"@type":"WebSite","@id":"https:\/\/appartementenhoteldeventer.nl\/#website","url":"https:\/\/appartementenhoteldeventer.nl\/","name":"Appartementen Hotel Deventer","description":"","potentialAction":[{"@type":"SearchAction","target":{"@type":"EntryPoint","urlTemplate":"https:\/\/appartementenhoteldeventer.nl\/?s={search_term_string}"},"query-input":"required name=search_term_string"}],"inLanguage":"de"}]}},"_links":{"self":[{"href":"https:\/\/appartementenhoteldeventer.nl\/de\/wp-json\/wp\/v2\/pages\/1018"}],"collection":[{"href":"https:\/\/appartementenhoteldeventer.nl\/de\/wp-json\/wp\/v2\/pages"}],"about":[{"href":"https:\/\/appartementenhoteldeventer.nl\/de\/wp-json\/wp\/v2\/types\/page"}],"author":[{"embeddable":true,"href":"https:\/\/appartementenhoteldeventer.nl\/de\/wp-json\/wp\/v2\/users\/1"}],"replies":[{"embeddable":true,"href":"https:\/\/appartementenhoteldeventer.nl\/de\/wp-json\/wp\/v2\/comments?post=1018"}],"version-history":[{"count":13,"href":"https:\/\/appartementenhoteldeventer.nl\/de\/wp-json\/wp\/v2\/pages\/1018\/revisions"}],"predecessor-version":[{"id":1580,"href":"https:\/\/appartementenhoteldeventer.nl\/de\/wp-json\/wp\/v2\/pages\/1018\/revisions\/1580"}],"wp:attachment":[{"href":"https:\/\/appartementenhoteldeventer.nl\/de\/wp-json\/wp\/v2\/media?parent=1018"}],"wp:term":[{"taxonomy":"post_tag","embeddable":true,"href":"https:\/\/appartementenhoteldeventer.nl\/de\/wp-json\/wp\/v2\/tags?post=1018"}],"curies":[{"name":"wp","href":"https:\/\/api.w.org\/{rel}","templated":true}]}}