{"id":1025,"date":"2019-03-12T11:55:21","date_gmt":"2019-03-12T10:55:21","guid":{"rendered":"https:\/\/appartementenhoteldeventer.nl\/bedankt-voor-uw-reactie\/"},"modified":"2022-07-07T16:18:51","modified_gmt":"2022-07-07T14:18:51","slug":"danke-fuer-ihre-nachricht","status":"publish","type":"page","link":"https:\/\/appartementenhoteldeventer.nl\/de\/danke-fuer-ihre-nachricht\/","title":{"rendered":"Danke f\u00fcr Ihre Nachricht."},"content":{"rendered":"<p><div id=\"thz-section-holder-sfc3a8ece\" class=\"thz-section-holder section-notcontained none\" data-view-brightness=\"none\">\r\n\t<section class=\"thz-section\">\r\n\t\t<div class=\"thz-section-in\">\r\n\t\t\t\t\t<div class=\"thz-container content-contained thz-site-width\">\r\n\t\t\t\t\t\t\t<\/div>\r\n\t\t\t\t<\/div>\r\n\t\t<div class=\"thz-bglayer-container\"><div id=\"thz-bglayer-1dce792f\" class=\"thz-basic-bglayer\"><\/div><\/div>\t\t<\/section>\r\n<\/div>\r\n<div id=\"thz-section-holder-s6c66b36d\" class=\"thz-section-holder section-notcontained none\" data-view-brightness=\"none\">\r\n\t<section class=\"thz-section\">\r\n\t\t<div class=\"thz-section-in\">\r\n\t\t\t\t\t<div class=\"thz-container content-contained thz-site-width\">\r\n\t\t\t\t<div class=\"thz-row\">\r\n\t<div id=\"thz-column-c5ce9a455\" class=\"thz-column thz-col-2-3 fstart\">\r\n\t<div class=\"thz-column-container\">\r\n        <div class=\"thz-column-in\">\r\n                        <div class=\"thz-column-shortcodes\">\t\r\n                <div id=\"thz-sh-1244e510\" class=\"thz-shc thz-heading thz-sh-1244e510 thz-sh-plain thz-sh-pos-both\">\r\n\t<div class=\"thz-heading-holder\">\r\n\t\t\t\t\t\t\t<\/div>\r\n<\/div><div id=\"thz-text-block-0960e049\" class=\"thz-shc thz-text-block\"><p>Sie haben soeben das Kontaktformular ausgef\u00fcllt. Wir haben Ihr ausgef\u00fclltes Formular erhalten und werden Ihre Frage oder Ihren Kommentar so schnell wie m\u00f6glich beantworten.<\/p><\/div>            <\/div>\r\n                                            <\/div>\r\n    <\/div>\r\n<\/div><div id=\"thz-column-ce8156348\" class=\"thz-column thz-col-1-3 fstart\">\r\n\t<div class=\"thz-column-container\">\r\n        <div class=\"thz-column-in\">\r\n                        <div class=\"thz-column-shortcodes\">\t\r\n                \n<div class=\"thz-page-block-holder thz-page-builder-content thz-page-block-sidebar-position\"><div id=\"thz-sh-ca82ca34\" class=\"thz-shc thz-heading thz-sh-ca82ca34 thz-sh-plain thz-sh-pos-both\">\r\n\t<div class=\"thz-heading-holder\">\r\n\t\t\t\t<h2 class=\"thz-heading-title\">Kontakt<\/h2>\t\t\t<\/div>\r\n<\/div><div id=\"thz-text-block-582285c0\" class=\"thz-shc thz-text-block\"><p><iframe src=\"https:\/\/www.google.com\/maps\/embed?pb=!1m18!1m12!1m3!1d2442.52405223479!2d6.151357115797509!3d52.2520280797643!2m3!1f0!2f0!3f0!3m2!1i1024!2i768!4f13.1!3m3!1m2!1s0x47c7ea6663c930bd%3A0x208f09126e49232c!2sNieuwe%20Markt%203%2C%207411%20PA%20Deventer!5e0!3m2!1snl!2snl!4v1602832417879!5m2!1snl!2snl\" width=\"600\" height=\"450\" frameborder=\"0\" style=\"border:0;\" allowfullscreen=\"\" aria-hidden=\"false\" tabindex=\"0\"><\/iframe><\/p><\/div><div id=\"thz-text-block-76e7a5bd\" class=\"thz-shc thz-text-block\"><p>Appartementen Hotel Deventer<br \/>Nieuwe Markt 3<br \/>7411 PA Deventer<br \/>die Niederlande<\/p><p>info@appartementenhoteldeventer.nl<br \/><a href=\"tel:0570642144\">+31 (0) 613016363<\/a><\/p><\/div><div class=\"thz-btn-container thz-custom-btn-72a53446 ctm-btn none thz-mt-24 thz-btn-flat\"><a class=\"thz-button thz-btn-trans thz-btn-medium thz-radius-3 thz-align-center\" href=\"https:\/\/appartementenhoteldeventer.nl\/de\/contact\/\"><span class=\"thz-btn-text thz-fs-14 thz-fw-400\">Kontaktieren Sie uns<\/span><\/a><\/div><div class=\"thz-btn-container thz-custom-btn-72a53446 ctm-btn none thz-mt-24 thz-btn-flat\"><a class=\"thz-button thz-btn-trans thz-btn-medium thz-radius-3 thz-align-center\" href=\"https:\/\/appartementenhoteldeventer.nl\/de\/hotel-apartments-deventer\/\"><span class=\"thz-btn-text thz-fs-14 thz-fw-400\">Buchen<\/span><\/a><\/div><\/div>            <\/div>\r\n                                            <\/div>\r\n    <\/div>\r\n<\/div><\/div>\t\t\t<\/div>\r\n\t\t\t\t<\/div>\r\n\t\t\t\t<\/section>\r\n<\/div>\r\n<\/p>\n","protected":false},"excerpt":{"rendered":"<p>Sie haben soeben das Kontaktformular ausgef\u00fcllt. Wir haben Ihr ausgef\u00fclltes Formular erhalten und werden Ihre Frage oder Ihren Kommentar so schnell wie m\u00f6glich beantworten. Kontakt Appartementen Hotel DeventerNieuwe Markt 37411 PA Deventerdie Niederlandeinfo@appartementenhoteldeventer.nl+31 (0) 613016363Kontaktieren Sie unsBuchen<\/p>\n","protected":false},"author":1,"featured_media":0,"parent":0,"menu_order":0,"comment_status":"closed","ping_status":"closed","template":"template-parts\/page-builder.php","meta":{"inline_featured_image":false},"tags":[],"yoast_head":"<!-- This site is optimized with the Yoast SEO plugin v19.8 - https:\/\/yoast.com\/wordpress\/plugins\/seo\/ -->\n<title>Danke f\u00fcr Ihre Nachricht<\/title>\n<meta name=\"description\" content=\"Danke f\u00fcr Ihre Nachricht. Gerne und hoffentlich sehen wir einander bei uns in der sch\u00f6ne Stadt Deventer.\" \/>\n<meta name=\"robots\" content=\"index, follow, max-snippet:-1, max-image-preview:large, max-video-preview:-1\" \/>\n<link rel=\"canonical\" href=\"https:\/\/appartementenhoteldeventer.nl\/de\/danke-fuer-ihre-nachricht\/\" \/>\n<meta property=\"og:locale\" content=\"de_DE\" \/>\n<meta property=\"og:type\" content=\"article\" \/>\n<meta property=\"og:title\" content=\"Danke f\u00fcr Ihre Nachricht\" \/>\n<meta property=\"og:description\" content=\"Danke f\u00fcr Ihre Nachricht. Gerne und hoffentlich sehen wir einander bei uns in der sch\u00f6ne Stadt Deventer.\" \/>\n<meta property=\"og:url\" content=\"https:\/\/appartementenhoteldeventer.nl\/de\/danke-fuer-ihre-nachricht\/\" \/>\n<meta property=\"og:site_name\" content=\"Appartementen Hotel Deventer\" \/>\n<meta property=\"article:modified_time\" content=\"2022-07-07T14:18:51+00:00\" \/>\n<meta name=\"twitter:card\" content=\"summary_large_image\" \/>\n<script type=\"application\/ld+json\" class=\"yoast-schema-graph\">{\"@context\":\"https:\/\/schema.org\",\"@graph\":[{\"@type\":\"WebPage\",\"@id\":\"https:\/\/appartementenhoteldeventer.nl\/de\/danke-fuer-ihre-nachricht\/\",\"url\":\"https:\/\/appartementenhoteldeventer.nl\/de\/danke-fuer-ihre-nachricht\/\",\"name\":\"Danke f\u00fcr Ihre Nachricht\",\"isPartOf\":{\"@id\":\"https:\/\/appartementenhoteldeventer.nl\/#website\"},\"datePublished\":\"2019-03-12T10:55:21+00:00\",\"dateModified\":\"2022-07-07T14:18:51+00:00\",\"description\":\"Danke f\u00fcr Ihre Nachricht. Gerne und hoffentlich sehen wir einander bei uns in der sch\u00f6ne Stadt Deventer.\",\"breadcrumb\":{\"@id\":\"https:\/\/appartementenhoteldeventer.nl\/de\/danke-fuer-ihre-nachricht\/#breadcrumb\"},\"inLanguage\":\"de\",\"potentialAction\":[{\"@type\":\"ReadAction\",\"target\":[\"https:\/\/appartementenhoteldeventer.nl\/de\/danke-fuer-ihre-nachricht\/\"]}]},{\"@type\":\"BreadcrumbList\",\"@id\":\"https:\/\/appartementenhoteldeventer.nl\/de\/danke-fuer-ihre-nachricht\/#breadcrumb\",\"itemListElement\":[{\"@type\":\"ListItem\",\"position\":1,\"name\":\"Home\",\"item\":\"https:\/\/appartementenhoteldeventer.nl\/de\/\"},{\"@type\":\"ListItem\",\"position\":2,\"name\":\"Danke f\u00fcr Ihre Nachricht.\"}]},{\"@type\":\"WebSite\",\"@id\":\"https:\/\/appartementenhoteldeventer.nl\/#website\",\"url\":\"https:\/\/appartementenhoteldeventer.nl\/\",\"name\":\"Appartementen Hotel Deventer\",\"description\":\"\",\"potentialAction\":[{\"@type\":\"SearchAction\",\"target\":{\"@type\":\"EntryPoint\",\"urlTemplate\":\"https:\/\/appartementenhoteldeventer.nl\/?s={search_term_string}\"},\"query-input\":\"required name=search_term_string\"}],\"inLanguage\":\"de\"}]}<\/script>\n<!-- \/ Yoast SEO plugin. -->","yoast_head_json":{"title":"Danke f\u00fcr Ihre Nachricht","description":"Danke f\u00fcr Ihre Nachricht. Gerne und hoffentlich sehen wir einander bei uns in der sch\u00f6ne Stadt Deventer.","robots":{"index":"index","follow":"follow","max-snippet":"max-snippet:-1","max-image-preview":"max-image-preview:large","max-video-preview":"max-video-preview:-1"},"canonical":"https:\/\/appartementenhoteldeventer.nl\/de\/danke-fuer-ihre-nachricht\/","og_locale":"de_DE","og_type":"article","og_title":"Danke f\u00fcr Ihre Nachricht","og_description":"Danke f\u00fcr Ihre Nachricht. Gerne und hoffentlich sehen wir einander bei uns in der sch\u00f6ne Stadt Deventer.","og_url":"https:\/\/appartementenhoteldeventer.nl\/de\/danke-fuer-ihre-nachricht\/","og_site_name":"Appartementen Hotel Deventer","article_modified_time":"2022-07-07T14:18:51+00:00","twitter_card":"summary_large_image","schema":{"@context":"https:\/\/schema.org","@graph":[{"@type":"WebPage","@id":"https:\/\/appartementenhoteldeventer.nl\/de\/danke-fuer-ihre-nachricht\/","url":"https:\/\/appartementenhoteldeventer.nl\/de\/danke-fuer-ihre-nachricht\/","name":"Danke f\u00fcr Ihre Nachricht","isPartOf":{"@id":"https:\/\/appartementenhoteldeventer.nl\/#website"},"datePublished":"2019-03-12T10:55:21+00:00","dateModified":"2022-07-07T14:18:51+00:00","description":"Danke f\u00fcr Ihre Nachricht. Gerne und hoffentlich sehen wir einander bei uns in der sch\u00f6ne Stadt Deventer.","breadcrumb":{"@id":"https:\/\/appartementenhoteldeventer.nl\/de\/danke-fuer-ihre-nachricht\/#breadcrumb"},"inLanguage":"de","potentialAction":[{"@type":"ReadAction","target":["https:\/\/appartementenhoteldeventer.nl\/de\/danke-fuer-ihre-nachricht\/"]}]},{"@type":"BreadcrumbList","@id":"https:\/\/appartementenhoteldeventer.nl\/de\/danke-fuer-ihre-nachricht\/#breadcrumb","itemListElement":[{"@type":"ListItem","position":1,"name":"Home","item":"https:\/\/appartementenhoteldeventer.nl\/de\/"},{"@type":"ListItem","position":2,"name":"Danke f\u00fcr Ihre Nachricht."}]},{"@type":"WebSite","@id":"https:\/\/appartementenhoteldeventer.nl\/#website","url":"https:\/\/appartementenhoteldeventer.nl\/","name":"Appartementen Hotel Deventer","description":"","potentialAction":[{"@type":"SearchAction","target":{"@type":"EntryPoint","urlTemplate":"https:\/\/appartementenhoteldeventer.nl\/?s={search_term_string}"},"query-input":"required name=search_term_string"}],"inLanguage":"de"}]}},"_links":{"self":[{"href":"https:\/\/appartementenhoteldeventer.nl\/de\/wp-json\/wp\/v2\/pages\/1025"}],"collection":[{"href":"https:\/\/appartementenhoteldeventer.nl\/de\/wp-json\/wp\/v2\/pages"}],"about":[{"href":"https:\/\/appartementenhoteldeventer.nl\/de\/wp-json\/wp\/v2\/types\/page"}],"author":[{"embeddable":true,"href":"https:\/\/appartementenhoteldeventer.nl\/de\/wp-json\/wp\/v2\/users\/1"}],"replies":[{"embeddable":true,"href":"https:\/\/appartementenhoteldeventer.nl\/de\/wp-json\/wp\/v2\/comments?post=1025"}],"version-history":[{"count":3,"href":"https:\/\/appartementenhoteldeventer.nl\/de\/wp-json\/wp\/v2\/pages\/1025\/revisions"}],"predecessor-version":[{"id":1323,"href":"https:\/\/appartementenhoteldeventer.nl\/de\/wp-json\/wp\/v2\/pages\/1025\/revisions\/1323"}],"wp:attachment":[{"href":"https:\/\/appartementenhoteldeventer.nl\/de\/wp-json\/wp\/v2\/media?parent=1025"}],"wp:term":[{"taxonomy":"post_tag","embeddable":true,"href":"https:\/\/appartementenhoteldeventer.nl\/de\/wp-json\/wp\/v2\/tags?post=1025"}],"curies":[{"name":"wp","href":"https:\/\/api.w.org\/{rel}","templated":true}]}}