{"id":1028,"date":"2019-03-11T16:21:18","date_gmt":"2019-03-11T15:21:18","guid":{"rendered":"https:\/\/appartementenhoteldeventer.nl\/wat-bieden-we\/"},"modified":"2025-12-28T14:52:29","modified_gmt":"2025-12-28T13:52:29","slug":"wir-bieten-vieles","status":"publish","type":"page","link":"https:\/\/appartementenhoteldeventer.nl\/de\/wir-bieten-vieles\/","title":{"rendered":"Was bieten wir"},"content":{"rendered":"<p><div id=\"thz-section-holder-sfc3a8ece\" class=\"thz-section-holder section-notcontained none\" data-view-brightness=\"none\">\r\n\t<section class=\"thz-section\">\r\n\t\t<div class=\"thz-section-in\">\r\n\t\t\t\t\t<div class=\"thz-container content-contained thz-site-width\">\r\n\t\t\t\t\t\t\t<\/div>\r\n\t\t\t\t<\/div>\r\n\t\t<div class=\"thz-bglayer-container\"><div id=\"thz-bglayer-1dce792f\" class=\"thz-basic-bglayer\"><\/div><\/div>\t\t<\/section>\r\n<\/div>\r\n<div id=\"thz-section-holder-s6c66b36d\" class=\"thz-section-holder section-notcontained none\" data-view-brightness=\"none\">\r\n\t<section class=\"thz-section\">\r\n\t\t<div class=\"thz-section-in\">\r\n\t\t\t\t\t<div class=\"thz-container content-contained thz-site-width\">\r\n\t\t\t\t<div class=\"thz-row\">\r\n\t<div id=\"thz-column-c5ce9a455\" class=\"thz-column thz-col-2-3 fstart\">\r\n\t<div class=\"thz-column-container\">\r\n        <div class=\"thz-column-in\">\r\n                        <div class=\"thz-column-shortcodes\">\t\r\n                <div id=\"thz-sh-1244e510\" class=\"thz-shc thz-heading thz-sh-1244e510 thz-sh-plain thz-sh-pos-both\">\r\n\t<div class=\"thz-heading-holder\">\r\n\t\t\t\t\t\t\t<\/div>\r\n<\/div><div id=\"thz-sh-f376555f\" class=\"thz-shc thz-heading thz-sh-f376555f thz-sh-plain thz-sh-pos-both\">\r\n\t<div class=\"thz-heading-holder\">\r\n\t\t\t\t\t\t\t<\/div>\r\n<\/div><div id=\"thz-text-block-0960e049\" class=\"thz-shc thz-text-block\"><div id=\"thz-sh-f376555f\" class=\"thz-shc thz-heading thz-sh-f376555f thz-sh-plain thz-sh-pos-both\"><div class=\"thz-heading-holder\"><h3 class=\"thz-heading-title\">Neben einem tollen Platz zum Schlafen, bieten wir unseren G\u00e4sten folgendes:<\/h3><ul><li class=\"thz-heading-title\">Automatisierter Check-in und Check-out Vorgang<\/li><li>Wir vermieten zwei unterschiedliche Apartments mit eigener Vordert\u00fcr.<\/li><li class=\"thz-heading-title\">Kostenloses W-LAN<\/li><li>Netzwerkkabel in den Zimmern<\/li><li>Freie Nutzung der K\u00fcche im Apartment + Zubeh\u00f6r<\/li><li>Reinigung, W\u00e4sche und Bettzeug sind inklusive<\/li><li>Jedes Zimmer hat ein eigenes Sanit\u00e4ranlagen mit Dusche.<\/li><li>Sch\u00f6ne Aussicht \u00fcber die Altstadt von Deventer<\/li><\/ul><\/div><\/div><\/div><div id=\"thz-sh-c1cc8075\" class=\"thz-shc thz-heading thz-sh-c1cc8075 thz-sh-plain thz-sh-pos-both\">\r\n\t<div class=\"thz-heading-holder\">\r\n\t\t\t\t\t\t\t<\/div>\r\n<\/div><div id=\"thz-text-block-d2d4e800\" class=\"thz-shc thz-text-block\"><h3>Um es f\u00fcr alle angenehm zu machen,\u00a0 haben wir folgende Hausordnung:<\/h3><ul><li>Rauchen und Haustiere sind nicht erlaubt. Ein Versto\u00df gegen diese Regel kostet Sie \u20ac 250,-<\/li><li>Minderj\u00e4hrige sind nur unter elterlicher Aufsicht zugelassen<\/li><li>Sie sollen sich gut benehmen und anderen nicht st\u00f6ren<\/li><li>Wenn etwas kaputt geht, melden Sie es uns bitte per E-Mail oder Telefon<\/li><li>Die (Nacht-)Ruhe aller wird respektiert, also machen Sie keinen L\u00e4rm<\/li><li>Partys sind nicht erlaubt<\/li><li>Besucher m\u00fcssen sich Voraus per E-Mail melden<\/li><li>Wir haben Videokameras installiert um die Sicherheit zu gew\u00e4hrleisten.<\/li><li>Bitte teilen Sie uns per E-Mail oder telefonisch mit wenn es M\u00e4ngel, Unvollkommenheiten oder Reklamationen gibt.<\/li><li>Bei Verst\u00f6\u00dfen gegen die Hausordnung werden wir Sie zur Rechenschaft ziehen und ggf. die Kosten auf Ihre Konto berechnen und\/oder die Sache an der Polizei \u00fcbertragen.<\/li><\/ul><\/div><div class=\"thz-btn-container thz-custom-btn-72a53446 ctm-btn none thz-mt-24 thz-btn-flat\"><a class=\"thz-button thz-btn-trans thz-btn-medium thz-radius-3 thz-align-center\" href=\"\/contact\/\"><span class=\"thz-btn-text thz-fs-14 thz-fw-400\">Kontakt<\/span><\/a><\/div>            <\/div>\r\n                                            <\/div>\r\n    <\/div>\r\n<\/div><div id=\"thz-column-ce8156348\" class=\"thz-column thz-col-1-3 fstart\">\r\n\t<div class=\"thz-column-container\">\r\n        <div class=\"thz-column-in\">\r\n                        <div class=\"thz-column-shortcodes\">\t\r\n                \n<div class=\"thz-page-block-holder thz-page-builder-content thz-page-block-sidebar-position\"><div id=\"thz-sh-ca82ca34\" class=\"thz-shc thz-heading thz-sh-ca82ca34 thz-sh-plain thz-sh-pos-both\">\r\n\t<div class=\"thz-heading-holder\">\r\n\t\t\t\t<h2 class=\"thz-heading-title\">Kontakt<\/h2>\t\t\t<\/div>\r\n<\/div><div id=\"thz-text-block-582285c0\" class=\"thz-shc thz-text-block\"><p><iframe src=\"https:\/\/www.google.com\/maps\/embed?pb=!1m18!1m12!1m3!1d2442.52405223479!2d6.151357115797509!3d52.2520280797643!2m3!1f0!2f0!3f0!3m2!1i1024!2i768!4f13.1!3m3!1m2!1s0x47c7ea6663c930bd%3A0x208f09126e49232c!2sNieuwe%20Markt%203%2C%207411%20PA%20Deventer!5e0!3m2!1snl!2snl!4v1602832417879!5m2!1snl!2snl\" width=\"600\" height=\"450\" frameborder=\"0\" style=\"border:0;\" allowfullscreen=\"\" aria-hidden=\"false\" tabindex=\"0\"><\/iframe><\/p><\/div><div id=\"thz-text-block-76e7a5bd\" class=\"thz-shc thz-text-block\"><p>Appartementen Hotel Deventer<br \/>Nieuwe Markt 3<br \/>7411 PA Deventer<br \/>die Niederlande<\/p><p>info@appartementenhoteldeventer.nl<br \/><a href=\"tel:0570642144\">+31 (0) 613016363<\/a><\/p><\/div><div class=\"thz-btn-container thz-custom-btn-72a53446 ctm-btn none thz-mt-24 thz-btn-flat\"><a class=\"thz-button thz-btn-trans thz-btn-medium thz-radius-3 thz-align-center\" href=\"https:\/\/appartementenhoteldeventer.nl\/de\/contact\/\"><span class=\"thz-btn-text thz-fs-14 thz-fw-400\">Kontaktieren Sie uns<\/span><\/a><\/div><div class=\"thz-btn-container thz-custom-btn-72a53446 ctm-btn none thz-mt-24 thz-btn-flat\"><a class=\"thz-button thz-btn-trans thz-btn-medium thz-radius-3 thz-align-center\" href=\"https:\/\/appartementenhoteldeventer.nl\/de\/hotel-apartments-deventer\/\"><span class=\"thz-btn-text thz-fs-14 thz-fw-400\">Buchen<\/span><\/a><\/div><\/div>            <\/div>\r\n                                            <\/div>\r\n    <\/div>\r\n<\/div><\/div>\t\t\t<\/div>\r\n\t\t\t\t<\/div>\r\n\t\t\t\t<\/section>\r\n<\/div>\r\n<\/p>\n","protected":false},"excerpt":{"rendered":"<p>Neben einem tollen Platz zum Schlafen, bieten wir unseren G\u00e4sten folgendes:Automatisierter Check-in und Check-out VorgangWir vermieten zwei unterschiedliche Apartments mit eigener Vordert\u00fcr.Kostenloses W-LANNetzwerkkabel in den ZimmernFreie Nutzung der K\u00fcche im Apartment + Zubeh\u00f6rReinigung, W\u00e4sche und Bettzeug sind inklusiveJedes Zimmer hat ein eigenes Sanit\u00e4ranlagen mit Dusche.Sch\u00f6ne Aussicht \u00fcber die Altstadt von Deventer Um es f\u00fcr alle angenehm zu machen,\u00a0 haben wir folgende Hausordnung:Rauchen und Haustiere sind nicht erlaubt. Ein Versto\u00df gegen diese Regel kostet Sie \u20ac 250,-Minderj\u00e4hrige sind nur unter elterlicher Aufsicht zugelassenSie sollen sich gut benehmen und anderen nicht st\u00f6renWenn etwas kaputt geht, melden Sie es uns bitte per E-Mail oder TelefonDie (Nacht-)Ruhe aller wird respektiert, also machen Sie keinen L\u00e4rmPartys sind nicht erlaubtBesucher m\u00fcssen sich Voraus per E-Mail meldenWir haben Videokameras installiert um die Sicherheit zu gew\u00e4hrleisten.Bitte teilen Sie uns per E-Mail oder telefonisch mit wenn es M\u00e4ngel, Unvollkommenheiten oder Reklamationen gibt.Bei Verst\u00f6\u00dfen gegen die Hausordnung werden wir Sie zur Rechenschaft ziehen und ggf. die Kosten auf Ihre Konto berechnen und\/oder die Sache an der Polizei \u00fcbertragen.Kontakt Kontakt Appartementen Hotel DeventerNieuwe Markt 37411 PA Deventerdie Niederlandeinfo@appartementenhoteldeventer.nl+31 (0) 613016363Kontaktieren Sie unsBuchen<\/p>\n","protected":false},"author":1,"featured_media":0,"parent":0,"menu_order":0,"comment_status":"closed","ping_status":"closed","template":"template-parts\/page-builder.php","meta":{"inline_featured_image":false},"tags":[],"yoast_head":"<!-- This site is optimized with the Yoast SEO plugin v19.8 - https:\/\/yoast.com\/wordpress\/plugins\/seo\/ -->\n<title>Hotel Apartments Deventer<\/title>\n<meta name=\"description\" content=\"Hotel Apartments Deventer. Wir bieten Apartments die komplett ausgestattet sind. F\u00fcr eine nacht oder mehrere N\u00e4chte. Herzlich Willkommen.\" \/>\n<meta name=\"robots\" content=\"index, follow, max-snippet:-1, max-image-preview:large, max-video-preview:-1\" \/>\n<link rel=\"canonical\" href=\"https:\/\/appartementenhoteldeventer.nl\/de\/wir-bieten-vieles\/\" \/>\n<meta property=\"og:locale\" content=\"de_DE\" \/>\n<meta property=\"og:type\" content=\"article\" \/>\n<meta property=\"og:title\" content=\"Hotel Apartments Deventer\" \/>\n<meta property=\"og:description\" content=\"Hotel Apartments Deventer. Wir bieten Apartments die komplett ausgestattet sind. F\u00fcr eine nacht oder mehrere N\u00e4chte. Herzlich Willkommen.\" \/>\n<meta property=\"og:url\" content=\"https:\/\/appartementenhoteldeventer.nl\/de\/wir-bieten-vieles\/\" \/>\n<meta property=\"og:site_name\" content=\"Appartementen Hotel Deventer\" \/>\n<meta property=\"article:modified_time\" content=\"2025-12-28T13:52:29+00:00\" \/>\n<meta name=\"twitter:card\" content=\"summary_large_image\" \/>\n<meta name=\"twitter:label1\" content=\"Gesch\u00e4tzte Lesezeit\" \/>\n\t<meta name=\"twitter:data1\" content=\"2\u00a0Minuten\" \/>\n<script type=\"application\/ld+json\" class=\"yoast-schema-graph\">{\"@context\":\"https:\/\/schema.org\",\"@graph\":[{\"@type\":\"WebPage\",\"@id\":\"https:\/\/appartementenhoteldeventer.nl\/de\/wir-bieten-vieles\/\",\"url\":\"https:\/\/appartementenhoteldeventer.nl\/de\/wir-bieten-vieles\/\",\"name\":\"Hotel Apartments Deventer\",\"isPartOf\":{\"@id\":\"https:\/\/appartementenhoteldeventer.nl\/#website\"},\"datePublished\":\"2019-03-11T15:21:18+00:00\",\"dateModified\":\"2025-12-28T13:52:29+00:00\",\"description\":\"Hotel Apartments Deventer. Wir bieten Apartments die komplett ausgestattet sind. F\u00fcr eine nacht oder mehrere N\u00e4chte. Herzlich Willkommen.\",\"breadcrumb\":{\"@id\":\"https:\/\/appartementenhoteldeventer.nl\/de\/wir-bieten-vieles\/#breadcrumb\"},\"inLanguage\":\"de\",\"potentialAction\":[{\"@type\":\"ReadAction\",\"target\":[\"https:\/\/appartementenhoteldeventer.nl\/de\/wir-bieten-vieles\/\"]}]},{\"@type\":\"BreadcrumbList\",\"@id\":\"https:\/\/appartementenhoteldeventer.nl\/de\/wir-bieten-vieles\/#breadcrumb\",\"itemListElement\":[{\"@type\":\"ListItem\",\"position\":1,\"name\":\"Home\",\"item\":\"https:\/\/appartementenhoteldeventer.nl\/de\/\"},{\"@type\":\"ListItem\",\"position\":2,\"name\":\"Was bieten wir\"}]},{\"@type\":\"WebSite\",\"@id\":\"https:\/\/appartementenhoteldeventer.nl\/#website\",\"url\":\"https:\/\/appartementenhoteldeventer.nl\/\",\"name\":\"Appartementen Hotel Deventer\",\"description\":\"\",\"potentialAction\":[{\"@type\":\"SearchAction\",\"target\":{\"@type\":\"EntryPoint\",\"urlTemplate\":\"https:\/\/appartementenhoteldeventer.nl\/?s={search_term_string}\"},\"query-input\":\"required name=search_term_string\"}],\"inLanguage\":\"de\"}]}<\/script>\n<!-- \/ Yoast SEO plugin. -->","yoast_head_json":{"title":"Hotel Apartments Deventer","description":"Hotel Apartments Deventer. Wir bieten Apartments die komplett ausgestattet sind. F\u00fcr eine nacht oder mehrere N\u00e4chte. Herzlich Willkommen.","robots":{"index":"index","follow":"follow","max-snippet":"max-snippet:-1","max-image-preview":"max-image-preview:large","max-video-preview":"max-video-preview:-1"},"canonical":"https:\/\/appartementenhoteldeventer.nl\/de\/wir-bieten-vieles\/","og_locale":"de_DE","og_type":"article","og_title":"Hotel Apartments Deventer","og_description":"Hotel Apartments Deventer. Wir bieten Apartments die komplett ausgestattet sind. F\u00fcr eine nacht oder mehrere N\u00e4chte. Herzlich Willkommen.","og_url":"https:\/\/appartementenhoteldeventer.nl\/de\/wir-bieten-vieles\/","og_site_name":"Appartementen Hotel Deventer","article_modified_time":"2025-12-28T13:52:29+00:00","twitter_card":"summary_large_image","twitter_misc":{"Gesch\u00e4tzte Lesezeit":"2\u00a0Minuten"},"schema":{"@context":"https:\/\/schema.org","@graph":[{"@type":"WebPage","@id":"https:\/\/appartementenhoteldeventer.nl\/de\/wir-bieten-vieles\/","url":"https:\/\/appartementenhoteldeventer.nl\/de\/wir-bieten-vieles\/","name":"Hotel Apartments Deventer","isPartOf":{"@id":"https:\/\/appartementenhoteldeventer.nl\/#website"},"datePublished":"2019-03-11T15:21:18+00:00","dateModified":"2025-12-28T13:52:29+00:00","description":"Hotel Apartments Deventer. Wir bieten Apartments die komplett ausgestattet sind. F\u00fcr eine nacht oder mehrere N\u00e4chte. Herzlich Willkommen.","breadcrumb":{"@id":"https:\/\/appartementenhoteldeventer.nl\/de\/wir-bieten-vieles\/#breadcrumb"},"inLanguage":"de","potentialAction":[{"@type":"ReadAction","target":["https:\/\/appartementenhoteldeventer.nl\/de\/wir-bieten-vieles\/"]}]},{"@type":"BreadcrumbList","@id":"https:\/\/appartementenhoteldeventer.nl\/de\/wir-bieten-vieles\/#breadcrumb","itemListElement":[{"@type":"ListItem","position":1,"name":"Home","item":"https:\/\/appartementenhoteldeventer.nl\/de\/"},{"@type":"ListItem","position":2,"name":"Was bieten wir"}]},{"@type":"WebSite","@id":"https:\/\/appartementenhoteldeventer.nl\/#website","url":"https:\/\/appartementenhoteldeventer.nl\/","name":"Appartementen Hotel Deventer","description":"","potentialAction":[{"@type":"SearchAction","target":{"@type":"EntryPoint","urlTemplate":"https:\/\/appartementenhoteldeventer.nl\/?s={search_term_string}"},"query-input":"required name=search_term_string"}],"inLanguage":"de"}]}},"_links":{"self":[{"href":"https:\/\/appartementenhoteldeventer.nl\/de\/wp-json\/wp\/v2\/pages\/1028"}],"collection":[{"href":"https:\/\/appartementenhoteldeventer.nl\/de\/wp-json\/wp\/v2\/pages"}],"about":[{"href":"https:\/\/appartementenhoteldeventer.nl\/de\/wp-json\/wp\/v2\/types\/page"}],"author":[{"embeddable":true,"href":"https:\/\/appartementenhoteldeventer.nl\/de\/wp-json\/wp\/v2\/users\/1"}],"replies":[{"embeddable":true,"href":"https:\/\/appartementenhoteldeventer.nl\/de\/wp-json\/wp\/v2\/comments?post=1028"}],"version-history":[{"count":15,"href":"https:\/\/appartementenhoteldeventer.nl\/de\/wp-json\/wp\/v2\/pages\/1028\/revisions"}],"predecessor-version":[{"id":1614,"href":"https:\/\/appartementenhoteldeventer.nl\/de\/wp-json\/wp\/v2\/pages\/1028\/revisions\/1614"}],"wp:attachment":[{"href":"https:\/\/appartementenhoteldeventer.nl\/de\/wp-json\/wp\/v2\/media?parent=1028"}],"wp:term":[{"taxonomy":"post_tag","embeddable":true,"href":"https:\/\/appartementenhoteldeventer.nl\/de\/wp-json\/wp\/v2\/tags?post=1028"}],"curies":[{"name":"wp","href":"https:\/\/api.w.org\/{rel}","templated":true}]}}