{"id":1030,"date":"2019-02-21T14:58:19","date_gmt":"2019-02-21T14:58:19","guid":{"rendered":"https:\/\/appartementenhoteldeventer.nl\/hostel-deventer\/"},"modified":"2025-12-28T14:49:21","modified_gmt":"2025-12-28T13:49:21","slug":"herberge-deventer","status":"publish","type":"page","link":"https:\/\/appartementenhoteldeventer.nl\/de\/","title":{"rendered":"Home"},"content":{"rendered":"<p><div id=\"thz-section-holder-s314cbad2\" class=\"thz-section-holder section-notcontained none\" data-view-brightness=\"none\">\r\n\t<section class=\"thz-section\">\r\n\t\t<div class=\"thz-section-in\">\r\n\t\t\t\t<div class=\"thz-full-height\">\r\n\t\t\t<div class=\"thz-full-height-in thz-va-middle\">\r\n\t\t\t\t\t<div class=\"thz-container content-contained thz-site-width\">\r\n\t\t\t\t<div class=\"thz-row\">\r\n\t<div id=\"thz-column-c9ee3a1a7\" class=\"thz-column thz-col-2-3 fcenter thz-col-centered\">\r\n\t<div class=\"thz-column-container thz-col-2-3\">\r\n        <div class=\"thz-column-in\">\r\n                        <div class=\"thz-column-shortcodes\">\t\r\n                <div id=\"thz-sh-c184d8f4\" class=\"thz-shc thz-heading thz-sh-c184d8f4 thz-sh-plain thz-sh-pos-both\">\r\n\t<div class=\"thz-heading-holder\">\r\n\t\t\t\t\t\t\t<\/div>\r\n<\/div><div id=\"thz-parse-shortcode-block-4eda55a3\" class=\"thz-shc thz-parse-shortcode-block bookzo-search\"><bookzo-search apikey='z49Xpo5qGpnF' config='{\"resultsUrl\":\"https:\/\/appartementenhoteldeventer.nl\/appartementen-hotel-deventer-4\/\",\"search\":{\"showInputIcons\":true}}'><\/bookzo-search><\/div>            <\/div>\r\n                                            <\/div>\r\n    <\/div>\r\n<\/div><\/div>\t\t\t<\/div>\r\n\t\t\t\t\t<\/div>\r\n\t\t<\/div>\r\n\t\t\t\t<\/div>\r\n\t\t<div class=\"thz-bglayer-container\"><div id=\"thz-bglayer-1a90ceb3\" class=\"thz-basic-bglayer\"><\/div><div id=\"thz-bglayer-05c4ae07\" class=\"thz-basic-bglayer\"><\/div><\/div>\t\t<\/section>\r\n<\/div>\r\n<div id=\"thz-section-holder-s51e8dd52\" class=\"thz-section-holder section-notcontained none\" data-view-brightness=\"none\">\r\n\t<section class=\"thz-section\">\r\n\t\t<div class=\"thz-section-in\">\r\n\t\t\t\t\t<div class=\"thz-container content-contained thz-site-width\">\r\n\t\t\t\t<div class=\"thz-row\">\r\n\t<div id=\"thz-column-c5ce9a455\" class=\"thz-column thz-col-1 fstart\">\r\n\t<div class=\"thz-column-container\">\r\n        <div class=\"thz-column-in\">\r\n                        <div class=\"thz-column-shortcodes\">\t\r\n                <div id=\"thz-shortcode-widget-area-f72246b9\" class=\"thz-shc thz-shortcode-widget-area-f72246b9 thz-shortcode-widget-area thz-sidebars\"><\/div>            <\/div>\r\n                                            <\/div>\r\n    <\/div>\r\n<\/div><\/div>\t\t\t<\/div>\r\n\t\t\t\t<\/div>\r\n\t\t<div class=\"thz-bglayer-container\"><div id=\"thz-bglayer-284d2ca9\" class=\"thz-basic-bglayer\"><\/div><\/div>\t\t<\/section>\r\n<\/div>\r\n<div id=\"thz-section-holder-s97851591\" class=\"thz-section-holder section-notcontained none\" data-view-brightness=\"none\">\r\n\t<section class=\"thz-section\">\r\n\t\t<div class=\"thz-section-in\">\r\n\t\t\t\t\t<div class=\"thz-container content-contained thz-site-width\">\r\n\t\t\t\t<div class=\"thz-row\">\r\n\t<div id=\"thz-column-cf52ce7fb\" class=\"thz-column thz-col-1-2 fcenter\">\r\n\t<div class=\"thz-column-container\">\r\n        <div class=\"thz-column-in\">\r\n                        <div class=\"thz-column-shortcodes\">\t\r\n                <div id=\"thz-sh-3d77535a\" class=\"thz-shc thz-heading thz-sh-3d77535a thz-sh-plain thz-sh-pos-both\">\r\n\t<div class=\"thz-heading-holder\">\r\n\t\t\t\t\t\t\t<\/div>\r\n<\/div><div id=\"thz-text-block-f25bcdd1\" class=\"thz-shc thz-text-block\"><h2 style=\"text-align: center;\">Apartments Hotel Deventer<\/h2><p>Sie \u00fcbernachten in einem gem\u00fctlichen Apartement von etwa 40 m2 oder in einem gr\u00f6\u00dferen Apartement von 60 m2. Beide k\u00f6nnen Sie online buchen. Beide Apartments verf\u00fcgen \u00fcber ger\u00e4umige Sanit\u00e4ranlagen und ein Wohnzimmer mit offener K\u00fcche. Es gibt ein separates Schlafzimmer, das geschlossen werden kann. Durch 2 T\u00fcren zu \u00f6ffnen k\u00f6nnen beide Wohnungen miteinander verbunden werden, so dass Sie mit 4 Personen wohnen k\u00f6nnen. Sehr gem\u00fctlich, wenn Sie mit einer Familie oder einer Gruppe von Freunden sind.<\/p><p>Das Wifi (Glasfaser) ist kostenlos. Wenn Sie Ihr Auto abstellen m\u00f6chten, k\u00f6nnen Sie dies kostenlos auf der anderen Seite der IJssel tun und dann mit der F\u00e4hre \u00fcbergesetzt werden Wir befinden uns praktisch an der Landungsbr\u00fccke der F\u00e4hre.<\/p><p>Wir befinden uns im Zentrum von Deventer im sch\u00f6nen Noorderbergkwartier. Restaurants, Gesch\u00e4fte, das Rathaus, das Theater, Kinos, Caf\u00e9s, die Lebu\u00efnustoren und nat\u00fcrlich die IJssel sind alle zu Fu\u00df zu erreichen. Es ist ein wundersch\u00f6ner und sehr abwechslungsreicher Stadtteil. Der Grote Kerkhof ist ein sehr sch\u00f6ner Platz, auf dem Sie sich erholen k\u00f6nnen. Das k\u00f6nnen Sie auch entlang der IJssel. Und wenn Sie den zentralen Platz \"De Brink\", sehen m\u00f6chten, gehen Sie 7 Minuten und dann sind Sie da.<\/p><p>Ich hei\u00dfe Sie herzlich willkommen in unserer Unterkunft und w\u00fcnsche Ihnen einen angenehmen Aufenthalt.<\/p><p>Peter van den Hengel<br \/>Eigent\u00fcmer Hostel Deventer<br \/>Eigent\u00fcmer Apartments Hotel Deventer<\/p><p>&nbsp;<\/p><\/div><div class=\"thz-btn-container thz-custom-btn-72a53234446 ctm-btn none thz-mt-24 thz-btn-flat\"><a class=\"thz-button thz-btn-trans thz-btn-medium thz-radius-3 thz-align-center\" href=\"https:\/\/appartementenhoteldeventer.nl\/de\/hotel-apartments-deventer\/\"><span class=\"thz-btn-text thz-fs-14 thz-fw-400\">Buchen<\/span><\/a><\/div><div id=\"thz-divider-89440261\" class=\"thz-shc thz-divider-89440261 thz-divider-spacer\"><div class=\"thz-divider\"><\/div><\/div><div class=\"thz-btn-container thz-custom-btn-72a53446 ctm-btn none thz-mt-24 thz-btn-flat\"><a class=\"thz-button thz-btn-trans thz-btn-medium thz-radius-3 thz-align-center\" href=\"\/de\/kamers\/\"><span class=\"thz-btn-text thz-fs-14 thz-fw-400\">Informationen<\/span><\/a><\/div>            <\/div>\r\n                                            <\/div>\r\n    <\/div>\r\n<\/div><div id=\"thz-column-c5c877f2b\" class=\"thz-column thz-col-1-2 fstart\">\r\n\t<div class=\"thz-column-container\">\r\n        <div class=\"thz-column-in\">\r\n                        <div class=\"thz-column-shortcodes\">\t\r\n                <div class=\"thz-row\">\r\n\t<div id=\"thz-column-c57d5b07f\" class=\"thz-column thz-col-1-2 fstart\">\r\n\t<div class=\"thz-column-container\">\r\n        <div class=\"thz-column-in\">\r\n                        <div class=\"thz-column-shortcodes\">\t\r\n                <div id=\"thz-media-image-7c6765b6\" class=\"thz-shc thz-media-image-container thz-media-mode-none\"><div class=\"thz-media-item thz-media-item-image\"><div class=\"thz-media-image-ratio thz-media-custom-size\"><div class=\"thz-ratio-in\"><div class=\"thz-hover thz-hover-img-mask \" style=\"background-image:url(https:\/\/appartementenhoteldeventer.nl\/wp-content\/uploads\/2022\/06\/Groot-appt-foto-570x428.jpg);\"><\/div><\/div><\/div><\/div><\/div>            <\/div>\r\n                                            <\/div>\r\n    <\/div>\r\n<\/div><div id=\"thz-column-cb21bb40a\" class=\"thz-column thz-col-1-2 fstart\">\r\n\t<div class=\"thz-column-container\">\r\n        <div class=\"thz-column-in\">\r\n                        <div class=\"thz-column-shortcodes\">\t\r\n                <div id=\"thz-media-image-895dc4e7\" class=\"thz-shc thz-media-image-container thz-media-mode-none\"><div class=\"thz-media-item thz-media-item-image\"><div class=\"thz-media-image-ratio thz-media-custom-size\"><div class=\"thz-ratio-in\"><div class=\"thz-hover thz-hover-img-mask \" style=\"background-image:url(https:\/\/appartementenhoteldeventer.nl\/wp-content\/uploads\/2020\/11\/Hostel-uitzicht-by-night-570x760.jpg);\"><\/div><\/div><\/div><\/div><\/div>            <\/div>\r\n                                            <\/div>\r\n    <\/div>\r\n<\/div><\/div><div class=\"thz-row\">\r\n\t<div id=\"thz-column-cef91ca64\" class=\"thz-column thz-col-1-2 fstart\">\r\n\t<div class=\"thz-column-container\">\r\n        <div class=\"thz-column-in\">\r\n                        <div class=\"thz-column-shortcodes\">\t\r\n                <div id=\"thz-media-image-3c2d5a01\" class=\"thz-shc thz-media-image-container thz-media-mode-none\"><div class=\"thz-media-item thz-media-item-image\"><div class=\"thz-media-image-ratio thz-media-custom-size\"><div class=\"thz-ratio-in\"><div class=\"thz-hover thz-hover-img-mask \" style=\"background-image:url(https:\/\/appartementenhoteldeventer.nl\/wp-content\/uploads\/2022\/06\/IMG_5188-570x428.jpg);\"><\/div><\/div><\/div><\/div><\/div>            <\/div>\r\n                                            <\/div>\r\n    <\/div>\r\n<\/div><div id=\"thz-column-ce9211a9a\" class=\"thz-column thz-col-1-2 fstart\">\r\n\t<div class=\"thz-column-container\">\r\n        <div class=\"thz-column-in\">\r\n                        <div class=\"thz-column-shortcodes\">\t\r\n                <div id=\"thz-media-image-a5725848\" class=\"thz-shc thz-media-image-container thz-media-mode-none\"><div class=\"thz-media-item thz-media-item-image\"><div class=\"thz-media-image-ratio thz-media-custom-size\"><div class=\"thz-ratio-in\"><div class=\"thz-hover thz-hover-img-mask \" style=\"background-image:url(https:\/\/appartementenhoteldeventer.nl\/wp-content\/uploads\/2022\/06\/IMG_5191-570x760.jpg);\"><\/div><\/div><\/div><\/div><\/div>            <\/div>\r\n                                            <\/div>\r\n    <\/div>\r\n<\/div><\/div>            <\/div>\r\n                                            <\/div>\r\n    <\/div>\r\n<\/div><\/div>\t\t\t<\/div>\r\n\t\t\t\t<\/div>\r\n\t\t\t\t<\/section>\r\n<\/div>\r\n<div id=\"thz-section-holder-s32c8313b\" class=\"thz-section-holder section-notcontained none\" data-view-brightness=\"none\">\r\n\t<section class=\"thz-section\">\r\n\t\t<div class=\"thz-section-in\">\r\n\t\t\t\t\t<div class=\"thz-container content-contained thz-site-width\">\r\n\t\t\t\t<div class=\"thz-row\">\r\n\t<div id=\"thz-column-c3b703113\" class=\"thz-column thz-col-1 fstart\">\r\n\t<div class=\"thz-column-container\">\r\n        <div class=\"thz-column-in\">\r\n                        <div class=\"thz-column-shortcodes\">\t\r\n                <div id=\"thz-sh-cb54b873\" class=\"thz-shc thz-heading thz-sh-cb54b873 thz-sh-plain thz-sh-pos-both\">\r\n\t<div class=\"thz-heading-holder\">\r\n\t\t\t\t<h2 class=\"thz-heading-title\">Unsere Zimmern<\/h2>\t\t\t<\/div>\r\n<\/div>            <\/div>\r\n                                            <\/div>\r\n    <\/div>\r\n<\/div><\/div><div class=\"thz-row\">\r\n\t<div id=\"thz-column-c61ff7c38\" class=\"thz-column thz-col-1 fstart\">\r\n\t<div class=\"thz-column-container\">\r\n        <div class=\"thz-column-in\">\r\n                        <div class=\"thz-column-shortcodes\">\t\r\n                <div id=\"thz-posts-59d08a8d\" class=\"thz-shc thz-items-grid-holder thz-is-isotope thz-posts-holder thz-items-grid-thz-ratio-16-9 thz-grid-has-col-4 thz-lightbox-gallery-simple thz-mfp-show-slider\">\r\n         \t\t<div id=\"thz-posts-59d08a8d-inner\" class=\"thz-items-grid thz-items-display-introunder\" data-maxpages=\"1\" data-pagination=\"none\" data-itemsload=\"\" data-layout-type=\"thz-ratio-16-9\" data-display-mode=\"introunder\" data-shortcodeid=\"59d08a8d\" data-objectid=\"244\" data-isotope-mode=\"packery\" data-minwidth=\"224\">\r\n\t\t\t            <div class=\"thz-items-sizer\"><\/div>\r\n                   \r\n                 \r\n\t\t\t<div class=\"thz-grid-item category_all category_5 thz-posts-item-1156 thz-grid-item-odd\" data-itemid=\"1156\" data-mode=\"introunder\" data-cats=\"{&amp;quot;category_5&amp;quot;:&amp;quot;Projecten&amp;quot;}\">\t<div class=\"thz-grid-item-in\">\r\n    \t\t\t<div class=\"thz-grid-item-media-holder\">\r\n\t\t\t<div class=\"thz-grid-item-media\">\r\n\t\t\t\t\t\t\t\t\t            <div class=\"thz-aspect thz-ratio-16-9\">\r\n            <div class=\"thz-ratio-in\">\r\n                                <div class=\"thz-hover thz-hover-img-mask thz-hover-bg-gradient thz-hover-fadein thz-img-zoomin thz-transease-04 thz-items-grid-image\" style=\"background-image:url(https:\/\/appartementenhoteldeventer.nl\/wp-content\/uploads\/2022\/06\/IMG_5191-570x760.jpg);\">\r\n\t\t\t\t\t                                         \r\n                    <div class=\"thz-hover-mask thz-transease-04\">                        <div class=\"thz-hover-mask-table\">\r\n                            <a class=\"thz-hover-link\" href=\"https:\/\/appartementenhoteldeventer.nl\/de\/kamer\/gezamenlijke-woon-eet-en-werkkamer\/\"><\/a>\r\n                                                        <div class=\"thz-hover-icons thz-comein-bottom thz-transease-05\">\r\n                                <a class=\"thz-hover-icon thz-hover-media-icon circle thz-fs-16 thz-vp-10 thz-hp-10 thz-lightbox mfp-image\" href=\"#\" data-mfp-src=\"https:\/\/appartementenhoteldeventer.nl\/wp-content\/uploads\/2022\/06\/IMG_5191-scaled.jpg\" data-bg=\"mfp-dark\" data-opacity=\"mfp-opacity-08\" data-effect=\"mfp-zoom-in\" data-mfp-title=\"IMG_5191\" data-modal-size=\"large\"><span class=\"thzicon thzicon-plus\"><\/span><\/a>                            <\/div>                        <\/div>\r\n                    <\/div>\r\n                                    <\/div>\r\n                            <\/div>\r\n        <\/div>\r\n                                        \t\t\t<\/div>\r\n\t\t<\/div>\r\n                \t\t<div class=\"thz-grid-item-intro-holder\">\r\n        \t\t\t\t<div class=\"thz-grid-item-poz\">\r\n\t\t\t\t<div class=\"thz-grid-item-intro thz-align-left\">\r\n\t\t\t\t\t\t\t\t\t\t                    \t\t\t\t\t\t\t\t\t\t<h3 class=\"thz-grid-item-title\">\r\n\t\t\t\t\t\t<a href=\"https:\/\/appartementenhoteldeventer.nl\/de\/kamer\/gezamenlijke-woon-eet-en-werkkamer\/\">\r\n\t\t\t\t\t\t\tGem\u00fctliches Apartment Erdgescho\u00df\t\t\t\t\t\t<\/a>\r\n\t\t\t\t\t<\/h3>\r\n\t\t\t\t\t                    \t\t\t\t\t\t\t\t\t\t\t\t\t\t\t\t\t\t\t\t<div class=\"thz-grid-item-intro-text\">\r\n\t\t\t\t\t\tDies ist das kleinere Apartment aber mit alles drauf und dran .\t\t\t\t\t<\/div>\r\n\t\t\t\t\t\t\t\t\t\t\t\t\t\t\t<div class=\"thz-grid-item-button\">\r\n\t\t\t\t\t\t<div class=\"thz-btn-container thz-custom-btn-72a53446 ctm-btn none thz-mt-24 thz-btn-flat\"><a class=\"thz-button thz-btn-trans thz-btn-medium thz-radius-3 thz-align-center\" href=\"https:\/\/appartementenhoteldeventer.nl\/de\/kamer\/gezamenlijke-woon-eet-en-werkkamer\/\"><span class=\"thz-btn-text thz-fs-14 thz-fw-400\">Lees verder<\/span><\/a><\/div>\t\t\t\t\t<\/div>\r\n\t\t\t\t\t                    \t\t\t\t\t                    \r\n\t\t\t\t<\/div>\r\n\t\t\t<\/div>\r\n\t\t\t\t\t<\/div>\r\n        \t<\/div><\/div><div class=\"thz-grid-item category_all category_5 thz-posts-item-1164 thz-grid-item-odd\" data-itemid=\"1164\" data-mode=\"introunder\" data-cats=\"{&amp;quot;category_5&amp;quot;:&amp;quot;Projecten&amp;quot;}\">\t<div class=\"thz-grid-item-in\">\r\n    \t\t\t<div class=\"thz-grid-item-media-holder\">\r\n\t\t\t<div class=\"thz-grid-item-media\">\r\n\t\t\t\t\t\t\t\t\t            <div class=\"thz-aspect thz-ratio-16-9\">\r\n            <div class=\"thz-ratio-in\">\r\n                                <div class=\"thz-hover thz-hover-img-mask thz-hover-bg-gradient thz-hover-fadein thz-img-zoomin thz-transease-04 thz-items-grid-image\" style=\"background-image:url(https:\/\/appartementenhoteldeventer.nl\/wp-content\/uploads\/2022\/08\/IMG_5481-570x428.jpg);\">\r\n\t\t\t\t\t                                         \r\n                    <div class=\"thz-hover-mask thz-transease-04\">                        <div class=\"thz-hover-mask-table\">\r\n                            <a class=\"thz-hover-link\" href=\"https:\/\/appartementenhoteldeventer.nl\/de\/kamer\/hotel-appartementen-deventer\/\"><\/a>\r\n                                                        <div class=\"thz-hover-icons thz-comein-bottom thz-transease-05\">\r\n                                <a class=\"thz-hover-icon thz-hover-media-icon circle thz-fs-16 thz-vp-10 thz-hp-10 thz-lightbox mfp-image\" href=\"#\" data-mfp-src=\"https:\/\/appartementenhoteldeventer.nl\/wp-content\/uploads\/2022\/08\/IMG_5481-scaled.jpg\" data-bg=\"mfp-dark\" data-opacity=\"mfp-opacity-08\" data-effect=\"mfp-zoom-in\" data-mfp-title=\"IMG_5481\" data-modal-size=\"large\"><span class=\"thzicon thzicon-plus\"><\/span><\/a>                            <\/div>                        <\/div>\r\n                    <\/div>\r\n                                    <\/div>\r\n                            <\/div>\r\n        <\/div>\r\n                                        \t\t\t<\/div>\r\n\t\t<\/div>\r\n                \t\t<div class=\"thz-grid-item-intro-holder\">\r\n        \t\t\t\t<div class=\"thz-grid-item-poz\">\r\n\t\t\t\t<div class=\"thz-grid-item-intro thz-align-left\">\r\n\t\t\t\t\t\t\t\t\t\t                    \t\t\t\t\t\t\t\t\t\t<h3 class=\"thz-grid-item-title\">\r\n\t\t\t\t\t\t<a href=\"https:\/\/appartementenhoteldeventer.nl\/de\/kamer\/hotel-appartementen-deventer\/\">\r\n\t\t\t\t\t\t\tApartment Erdgescho\u00df\t\t\t\t\t\t<\/a>\r\n\t\t\t\t\t<\/h3>\r\n\t\t\t\t\t                    \t\t\t\t\t\t\t\t\t\t\t\t\t\t\t\t\t\t\t\t<div class=\"thz-grid-item-intro-text\">\r\n\t\t\t\t\t\tDies ist das gr\u00f6\u00dfere Apartment mit alles drauf und dran und ca 60m2.\t\t\t\t\t<\/div>\r\n\t\t\t\t\t\t\t\t\t\t\t\t\t\t\t<div class=\"thz-grid-item-button\">\r\n\t\t\t\t\t\t<div class=\"thz-btn-container thz-custom-btn-72a53446 ctm-btn none thz-mt-24 thz-btn-flat\"><a class=\"thz-button thz-btn-trans thz-btn-medium thz-radius-3 thz-align-center\" href=\"https:\/\/appartementenhoteldeventer.nl\/de\/kamer\/hotel-appartementen-deventer\/\"><span class=\"thz-btn-text thz-fs-14 thz-fw-400\">Lees verder<\/span><\/a><\/div>\t\t\t\t\t<\/div>\r\n\t\t\t\t\t                    \t\t\t\t\t                    \r\n\t\t\t\t<\/div>\r\n\t\t\t<\/div>\r\n\t\t\t\t\t<\/div>\r\n        \t<\/div><\/div>                 \r\n\t\t<\/div>\r\n        \t\t        <div class=\"thz-items-gutter-adjust\"><\/div>\r\n                 \r\n\t\t\t\t\t<div class=\"thz-items-loading\"><\/div>\r\n\t\t\t\t\t<div id=\"thz-portfolio-scrollto-59d08a8d\" class=\"thz-items-scrollto\"><\/div>\r\n        <\/div>\r\n            <\/div>\r\n                                            <\/div>\r\n    <\/div>\r\n<\/div><\/div>\t\t\t<\/div>\r\n\t\t\t\t<\/div>\r\n\t\t<div class=\"thz-bglayer-container\"><div id=\"thz-bglayer-27864bfe\" class=\"thz-basic-bglayer\"><\/div><\/div>\t\t<\/section>\r\n<\/div>\r\n<\/p>\n","protected":false},"excerpt":{"rendered":"<p>&nbsp; Buchen<\/p>\n","protected":false},"author":1,"featured_media":0,"parent":0,"menu_order":0,"comment_status":"closed","ping_status":"closed","template":"template-parts\/page-builder.php","meta":{"inline_featured_image":false},"tags":[],"yoast_head":"<!-- This site is optimized with the Yoast SEO plugin v19.8 - https:\/\/yoast.com\/wordpress\/plugins\/seo\/ -->\n<title>Herberge Deventer. Im Zentrum Altstadt. Alles in der N\u00e4he<\/title>\n<meta name=\"description\" content=\"Herberge Deventer. Ideal f\u00fcr Short Stay. Eigene Zimmer und super gelegen im Zentrum Altstadt. Nicht teuer. Sie sind herzlich willkommen.\" \/>\n<meta name=\"robots\" content=\"index, follow, max-snippet:-1, max-image-preview:large, max-video-preview:-1\" \/>\n<link rel=\"canonical\" href=\"https:\/\/appartementenhoteldeventer.nl\/de\/\" \/>\n<meta property=\"og:locale\" content=\"de_DE\" \/>\n<meta property=\"og:type\" content=\"article\" \/>\n<meta property=\"og:title\" content=\"Herberge Deventer. Im Zentrum Altstadt. Alles in der N\u00e4he\" \/>\n<meta property=\"og:description\" content=\"Herberge Deventer. Ideal f\u00fcr Short Stay. Eigene Zimmer und super gelegen im Zentrum Altstadt. Nicht teuer. Sie sind herzlich willkommen.\" \/>\n<meta property=\"og:url\" content=\"https:\/\/appartementenhoteldeventer.nl\/de\/\" \/>\n<meta property=\"og:site_name\" content=\"Appartementen Hotel Deventer\" \/>\n<meta property=\"article:modified_time\" content=\"2025-12-28T13:49:21+00:00\" \/>\n<meta name=\"twitter:card\" content=\"summary_large_image\" \/>\n<meta name=\"twitter:label1\" content=\"Gesch\u00e4tzte Lesezeit\" \/>\n\t<meta name=\"twitter:data1\" content=\"2\u00a0Minuten\" \/>\n<script type=\"application\/ld+json\" class=\"yoast-schema-graph\">{\"@context\":\"https:\/\/schema.org\",\"@graph\":[{\"@type\":\"WebPage\",\"@id\":\"https:\/\/appartementenhoteldeventer.nl\/de\/\",\"url\":\"https:\/\/appartementenhoteldeventer.nl\/de\/\",\"name\":\"Herberge Deventer. Im Zentrum Altstadt. Alles in der N\u00e4he\",\"isPartOf\":{\"@id\":\"https:\/\/appartementenhoteldeventer.nl\/#website\"},\"datePublished\":\"2019-02-21T14:58:19+00:00\",\"dateModified\":\"2025-12-28T13:49:21+00:00\",\"description\":\"Herberge Deventer. Ideal f\u00fcr Short Stay. Eigene Zimmer und super gelegen im Zentrum Altstadt. Nicht teuer. Sie sind herzlich willkommen.\",\"breadcrumb\":{\"@id\":\"https:\/\/appartementenhoteldeventer.nl\/de\/#breadcrumb\"},\"inLanguage\":\"de\",\"potentialAction\":[{\"@type\":\"ReadAction\",\"target\":[\"https:\/\/appartementenhoteldeventer.nl\/de\/\"]}]},{\"@type\":\"BreadcrumbList\",\"@id\":\"https:\/\/appartementenhoteldeventer.nl\/de\/#breadcrumb\",\"itemListElement\":[{\"@type\":\"ListItem\",\"position\":1,\"name\":\"Home\",\"item\":\"https:\/\/appartementenhoteldeventer.nl\/de\/\"},{\"@type\":\"ListItem\",\"position\":2,\"name\":\"Home\"}]},{\"@type\":\"WebSite\",\"@id\":\"https:\/\/appartementenhoteldeventer.nl\/#website\",\"url\":\"https:\/\/appartementenhoteldeventer.nl\/\",\"name\":\"Appartementen Hotel Deventer\",\"description\":\"\",\"potentialAction\":[{\"@type\":\"SearchAction\",\"target\":{\"@type\":\"EntryPoint\",\"urlTemplate\":\"https:\/\/appartementenhoteldeventer.nl\/?s={search_term_string}\"},\"query-input\":\"required name=search_term_string\"}],\"inLanguage\":\"de\"}]}<\/script>\n<!-- \/ Yoast SEO plugin. -->","yoast_head_json":{"title":"Herberge Deventer. Im Zentrum Altstadt. Alles in der N\u00e4he","description":"Herberge Deventer. Ideal f\u00fcr Short Stay. Eigene Zimmer und super gelegen im Zentrum Altstadt. Nicht teuer. Sie sind herzlich willkommen.","robots":{"index":"index","follow":"follow","max-snippet":"max-snippet:-1","max-image-preview":"max-image-preview:large","max-video-preview":"max-video-preview:-1"},"canonical":"https:\/\/appartementenhoteldeventer.nl\/de\/","og_locale":"de_DE","og_type":"article","og_title":"Herberge Deventer. Im Zentrum Altstadt. Alles in der N\u00e4he","og_description":"Herberge Deventer. Ideal f\u00fcr Short Stay. Eigene Zimmer und super gelegen im Zentrum Altstadt. Nicht teuer. Sie sind herzlich willkommen.","og_url":"https:\/\/appartementenhoteldeventer.nl\/de\/","og_site_name":"Appartementen Hotel Deventer","article_modified_time":"2025-12-28T13:49:21+00:00","twitter_card":"summary_large_image","twitter_misc":{"Gesch\u00e4tzte Lesezeit":"2\u00a0Minuten"},"schema":{"@context":"https:\/\/schema.org","@graph":[{"@type":"WebPage","@id":"https:\/\/appartementenhoteldeventer.nl\/de\/","url":"https:\/\/appartementenhoteldeventer.nl\/de\/","name":"Herberge Deventer. Im Zentrum Altstadt. Alles in der N\u00e4he","isPartOf":{"@id":"https:\/\/appartementenhoteldeventer.nl\/#website"},"datePublished":"2019-02-21T14:58:19+00:00","dateModified":"2025-12-28T13:49:21+00:00","description":"Herberge Deventer. Ideal f\u00fcr Short Stay. Eigene Zimmer und super gelegen im Zentrum Altstadt. Nicht teuer. Sie sind herzlich willkommen.","breadcrumb":{"@id":"https:\/\/appartementenhoteldeventer.nl\/de\/#breadcrumb"},"inLanguage":"de","potentialAction":[{"@type":"ReadAction","target":["https:\/\/appartementenhoteldeventer.nl\/de\/"]}]},{"@type":"BreadcrumbList","@id":"https:\/\/appartementenhoteldeventer.nl\/de\/#breadcrumb","itemListElement":[{"@type":"ListItem","position":1,"name":"Home","item":"https:\/\/appartementenhoteldeventer.nl\/de\/"},{"@type":"ListItem","position":2,"name":"Home"}]},{"@type":"WebSite","@id":"https:\/\/appartementenhoteldeventer.nl\/#website","url":"https:\/\/appartementenhoteldeventer.nl\/","name":"Appartementen Hotel Deventer","description":"","potentialAction":[{"@type":"SearchAction","target":{"@type":"EntryPoint","urlTemplate":"https:\/\/appartementenhoteldeventer.nl\/?s={search_term_string}"},"query-input":"required name=search_term_string"}],"inLanguage":"de"}]}},"_links":{"self":[{"href":"https:\/\/appartementenhoteldeventer.nl\/de\/wp-json\/wp\/v2\/pages\/1030"}],"collection":[{"href":"https:\/\/appartementenhoteldeventer.nl\/de\/wp-json\/wp\/v2\/pages"}],"about":[{"href":"https:\/\/appartementenhoteldeventer.nl\/de\/wp-json\/wp\/v2\/types\/page"}],"author":[{"embeddable":true,"href":"https:\/\/appartementenhoteldeventer.nl\/de\/wp-json\/wp\/v2\/users\/1"}],"replies":[{"embeddable":true,"href":"https:\/\/appartementenhoteldeventer.nl\/de\/wp-json\/wp\/v2\/comments?post=1030"}],"version-history":[{"count":22,"href":"https:\/\/appartementenhoteldeventer.nl\/de\/wp-json\/wp\/v2\/pages\/1030\/revisions"}],"predecessor-version":[{"id":1611,"href":"https:\/\/appartementenhoteldeventer.nl\/de\/wp-json\/wp\/v2\/pages\/1030\/revisions\/1611"}],"wp:attachment":[{"href":"https:\/\/appartementenhoteldeventer.nl\/de\/wp-json\/wp\/v2\/media?parent=1030"}],"wp:term":[{"taxonomy":"post_tag","embeddable":true,"href":"https:\/\/appartementenhoteldeventer.nl\/de\/wp-json\/wp\/v2\/tags?post=1030"}],"curies":[{"name":"wp","href":"https:\/\/api.w.org\/{rel}","templated":true}]}}